{"id":2,"date":"2023-04-05T12:11:09","date_gmt":"2023-04-05T12:11:09","guid":{"rendered":"https:\/\/tekniktakim.org\/?page_id=2"},"modified":"2025-12-29T10:03:52","modified_gmt":"2025-12-29T10:03:52","slug":"hizmetlerimiz","status":"publish","type":"page","link":"https:\/\/tekniktakim.org\/?page_id=2","title":{"rendered":"H\u0130ZMETLER\u0130M\u0130Z"},"content":{"rendered":"\t\t<div data-elementor-type=\"wp-page\" data-elementor-id=\"2\" class=\"elementor elementor-2\">\n\t\t\t\t<div class=\"elementor-element elementor-element-e638d49 e-flex e-con-boxed e-con e-parent\" data-id=\"e638d49\" data-element_type=\"container\">\n\t\t\t\t\t<div class=\"e-con-inner\">\n\t\t<div class=\"elementor-element elementor-element-b9951f9 e-con-full e-flex e-con e-child\" data-id=\"b9951f9\" data-element_type=\"container\">\n\t\t\t\t<\/div>\n\t\t<div class=\"elementor-element elementor-element-25fb60f e-con-full e-flex e-con e-child\" data-id=\"25fb60f\" data-element_type=\"container\">\n\t\t\t\t<\/div>\n\t\t<div class=\"elementor-element elementor-element-3413e35 e-con-full e-flex e-con e-child\" data-id=\"3413e35\" data-element_type=\"container\">\n\t\t\t\t<\/div>\n\t\t<div class=\"elementor-element elementor-element-281a367 e-con-full e-flex e-con e-child\" data-id=\"281a367\" data-element_type=\"container\">\n\t\t\t\t<\/div>\n\t\t<div class=\"elementor-element elementor-element-c73179b e-grid e-con-full e-con e-child\" data-id=\"c73179b\" data-element_type=\"container\">\n\t\t\t\t<\/div>\n\t\t\t\t\t<\/div>\n\t\t\t\t<\/div>\n\t\t\t\t<\/div>\n\t\t","protected":false},"excerpt":{"rendered":"","protected":false},"author":1,"featured_media":0,"parent":0,"menu_order":3,"comment_status":"closed","ping_status":"closed","template":"","meta":{"_themeisle_gutenberg_block_has_review":false,"footnotes":""},"class_list":["post-2","page","type-page","status-publish","hentry"],"yoast_head":"<!-- This site is optimized with the Yoast SEO plugin v26.6 - https:\/\/yoast.com\/wordpress\/plugins\/seo\/ -->\n<title>H\u0130ZMETLER\u0130M\u0130Z - TEKN\u0130K TAKIM<\/title>\n<meta name=\"robots\" content=\"index, follow, max-snippet:-1, max-image-preview:large, max-video-preview:-1\" \/>\n<link rel=\"canonical\" href=\"https:\/\/tekniktakim.org\/?page_id=2\" \/>\n<meta property=\"og:locale\" content=\"tr_TR\" \/>\n<meta property=\"og:type\" content=\"article\" \/>\n<meta property=\"og:title\" content=\"H\u0130ZMETLER\u0130M\u0130Z - TEKN\u0130K TAKIM\" \/>\n<meta property=\"og:url\" content=\"https:\/\/tekniktakim.org\/?page_id=2\" \/>\n<meta property=\"og:site_name\" content=\"TEKN\u0130K TAKIM\" \/>\n<meta property=\"article:modified_time\" content=\"2025-12-29T10:03:52+00:00\" \/>\n<meta name=\"twitter:card\" content=\"summary_large_image\" \/>\n<script type=\"application\/ld+json\" class=\"yoast-schema-graph\">{\"@context\":\"https:\/\/schema.org\",\"@graph\":[{\"@type\":\"WebPage\",\"@id\":\"https:\/\/tekniktakim.org\/?page_id=2\",\"url\":\"https:\/\/tekniktakim.org\/?page_id=2\",\"name\":\"H\u0130ZMETLER\u0130M\u0130Z - TEKN\u0130K TAKIM\",\"isPartOf\":{\"@id\":\"https:\/\/tekniktakim.org\/#website\"},\"datePublished\":\"2023-04-05T12:11:09+00:00\",\"dateModified\":\"2025-12-29T10:03:52+00:00\",\"breadcrumb\":{\"@id\":\"https:\/\/tekniktakim.org\/?page_id=2#breadcrumb\"},\"inLanguage\":\"tr\",\"potentialAction\":[{\"@type\":\"ReadAction\",\"target\":[\"https:\/\/tekniktakim.org\/?page_id=2\"]}]},{\"@type\":\"BreadcrumbList\",\"@id\":\"https:\/\/tekniktakim.org\/?page_id=2#breadcrumb\",\"itemListElement\":[{\"@type\":\"ListItem\",\"position\":1,\"name\":\"Anasayfa\",\"item\":\"https:\/\/tekniktakim.org\/\"},{\"@type\":\"ListItem\",\"position\":2,\"name\":\"H\u0130ZMETLER\u0130M\u0130Z\"}]},{\"@type\":\"WebSite\",\"@id\":\"https:\/\/tekniktakim.org\/#website\",\"url\":\"https:\/\/tekniktakim.org\/\",\"name\":\"TEKN\u0130K TAKIM\",\"description\":\"SAN. T\u0130C. LTD. \u015eT\u0130. RBT.\",\"publisher\":{\"@id\":\"https:\/\/tekniktakim.org\/#organization\"},\"potentialAction\":[{\"@type\":\"SearchAction\",\"target\":{\"@type\":\"EntryPoint\",\"urlTemplate\":\"https:\/\/tekniktakim.org\/?s={search_term_string}\"},\"query-input\":{\"@type\":\"PropertyValueSpecification\",\"valueRequired\":true,\"valueName\":\"search_term_string\"}}],\"inLanguage\":\"tr\"},{\"@type\":\"Organization\",\"@id\":\"https:\/\/tekniktakim.org\/#organization\",\"name\":\"TEKN\u0130K TAKIM\",\"url\":\"https:\/\/tekniktakim.org\/\",\"logo\":{\"@type\":\"ImageObject\",\"inLanguage\":\"tr\",\"@id\":\"https:\/\/tekniktakim.org\/#\/schema\/logo\/image\/\",\"url\":\"https:\/\/tekniktakim.org\/wp-content\/uploads\/2025\/09\/cropped-TEKNIK-TAKIM-1-2.png\",\"contentUrl\":\"https:\/\/tekniktakim.org\/wp-content\/uploads\/2025\/09\/cropped-TEKNIK-TAKIM-1-2.png\",\"width\":1173,\"height\":309,\"caption\":\"TEKN\u0130K  TAKIM\"},\"image\":{\"@id\":\"https:\/\/tekniktakim.org\/#\/schema\/logo\/image\/\"}}]}<\/script>\n<!-- \/ Yoast SEO plugin. -->","yoast_head_json":{"title":"H\u0130ZMETLER\u0130M\u0130Z - TEKN\u0130K TAKIM","robots":{"index":"index","follow":"follow","max-snippet":"max-snippet:-1","max-image-preview":"max-image-preview:large","max-video-preview":"max-video-preview:-1"},"canonical":"https:\/\/tekniktakim.org\/?page_id=2","og_locale":"tr_TR","og_type":"article","og_title":"H\u0130ZMETLER\u0130M\u0130Z - TEKN\u0130K TAKIM","og_url":"https:\/\/tekniktakim.org\/?page_id=2","og_site_name":"TEKN\u0130K TAKIM","article_modified_time":"2025-12-29T10:03:52+00:00","twitter_card":"summary_large_image","schema":{"@context":"https:\/\/schema.org","@graph":[{"@type":"WebPage","@id":"https:\/\/tekniktakim.org\/?page_id=2","url":"https:\/\/tekniktakim.org\/?page_id=2","name":"H\u0130ZMETLER\u0130M\u0130Z - TEKN\u0130K TAKIM","isPartOf":{"@id":"https:\/\/tekniktakim.org\/#website"},"datePublished":"2023-04-05T12:11:09+00:00","dateModified":"2025-12-29T10:03:52+00:00","breadcrumb":{"@id":"https:\/\/tekniktakim.org\/?page_id=2#breadcrumb"},"inLanguage":"tr","potentialAction":[{"@type":"ReadAction","target":["https:\/\/tekniktakim.org\/?page_id=2"]}]},{"@type":"BreadcrumbList","@id":"https:\/\/tekniktakim.org\/?page_id=2#breadcrumb","itemListElement":[{"@type":"ListItem","position":1,"name":"Anasayfa","item":"https:\/\/tekniktakim.org\/"},{"@type":"ListItem","position":2,"name":"H\u0130ZMETLER\u0130M\u0130Z"}]},{"@type":"WebSite","@id":"https:\/\/tekniktakim.org\/#website","url":"https:\/\/tekniktakim.org\/","name":"TEKN\u0130K TAKIM","description":"SAN. T\u0130C. LTD. \u015eT\u0130. RBT.","publisher":{"@id":"https:\/\/tekniktakim.org\/#organization"},"potentialAction":[{"@type":"SearchAction","target":{"@type":"EntryPoint","urlTemplate":"https:\/\/tekniktakim.org\/?s={search_term_string}"},"query-input":{"@type":"PropertyValueSpecification","valueRequired":true,"valueName":"search_term_string"}}],"inLanguage":"tr"},{"@type":"Organization","@id":"https:\/\/tekniktakim.org\/#organization","name":"TEKN\u0130K TAKIM","url":"https:\/\/tekniktakim.org\/","logo":{"@type":"ImageObject","inLanguage":"tr","@id":"https:\/\/tekniktakim.org\/#\/schema\/logo\/image\/","url":"https:\/\/tekniktakim.org\/wp-content\/uploads\/2025\/09\/cropped-TEKNIK-TAKIM-1-2.png","contentUrl":"https:\/\/tekniktakim.org\/wp-content\/uploads\/2025\/09\/cropped-TEKNIK-TAKIM-1-2.png","width":1173,"height":309,"caption":"TEKN\u0130K  TAKIM"},"image":{"@id":"https:\/\/tekniktakim.org\/#\/schema\/logo\/image\/"}}]}},"_links":{"self":[{"href":"https:\/\/tekniktakim.org\/index.php?rest_route=\/wp\/v2\/pages\/2","targetHints":{"allow":["GET"]}}],"collection":[{"href":"https:\/\/tekniktakim.org\/index.php?rest_route=\/wp\/v2\/pages"}],"about":[{"href":"https:\/\/tekniktakim.org\/index.php?rest_route=\/wp\/v2\/types\/page"}],"author":[{"embeddable":true,"href":"https:\/\/tekniktakim.org\/index.php?rest_route=\/wp\/v2\/users\/1"}],"replies":[{"embeddable":true,"href":"https:\/\/tekniktakim.org\/index.php?rest_route=%2Fwp%2Fv2%2Fcomments&post=2"}],"version-history":[{"count":4,"href":"https:\/\/tekniktakim.org\/index.php?rest_route=\/wp\/v2\/pages\/2\/revisions"}],"predecessor-version":[{"id":312,"href":"https:\/\/tekniktakim.org\/index.php?rest_route=\/wp\/v2\/pages\/2\/revisions\/312"}],"wp:attachment":[{"href":"https:\/\/tekniktakim.org\/index.php?rest_route=%2Fwp%2Fv2%2Fmedia&parent=2"}],"curies":[{"name":"wp","href":"https:\/\/api.w.org\/{rel}","templated":true}]}}