{"id":171,"date":"2023-04-07T09:20:52","date_gmt":"2023-04-07T09:20:52","guid":{"rendered":"https:\/\/tekniktakim.org\/?page_id=171"},"modified":"2023-04-07T09:20:54","modified_gmt":"2023-04-07T09:20:54","slug":"gizlilik-politikasi","status":"publish","type":"page","link":"https:\/\/tekniktakim.org\/?page_id=171","title":{"rendered":"Gizlilik Politikas\u0131"},"content":{"rendered":"\n<p>WEB S\u0130TES\u0130 G\u0130ZL\u0130L\u0130K POL\u0130T\u0130KASI<br>Teknik Tak\u0131m (&#8220;\u015eirket&#8221;), internet sitesini ziyaret eden ki\u015filerin payla\u015fm\u0131\u015f oldu\u011fu<br>bilgilerin gizlili\u011fini sa\u011flamay\u0131 ilke olarak kabul etmi\u015ftir. Bu nedenle i\u015fbu &#8220;Gizlilik<br>Politikas\u0131&#8221; ki\u015filerin hangi bilgilerinin, hangi yollarla i\u015flendi\u011fini, bu bilgilerin hukuka<br>uygun olarak ve vermi\u015f oldu\u011funuz izin kapsam\u0131nda hangi \u00fc\u00e7\u00fcnc\u00fc ki\u015filer ile<br>payla\u015f\u0131ld\u0131\u011f\u0131n\u0131 ve \u015eirket taraf\u0131ndan ne \u015fekilde korundu\u011funu a\u00e7\u0131klayarak sizi<br>bilgilendirmek amac\u0131 ile olu\u015fturulmu\u015ftur. Ayr\u0131ca i\u015fbu Gizlilik Politikas\u0131 \u00e7er\u00e7evesinde<br>bu bilgilerin do\u011frulu\u011funun sizler taraf\u0131ndan nas\u0131l denetlenebilece\u011fi ve istendi\u011finde<br>\u015eirketin internet sitesine ba\u015fvurarak bu bilgilerin silinmesini nas\u0131l<br>sa\u011flayabilece\u011finiz belirtilmi\u015ftir. \u015eirket Taraf\u0131ndan ki\u015filere her t\u00fcrl\u00fc kanaldan<br>sunulan t\u00fcm hizmetler k\u0131saca &#8220;Hizmet&#8221; olarak an\u0131lacakt\u0131r.<br>Veri Sorumlusu<br>Ki\u015fisel veri kimli\u011fi belirli veya belirlenebilir ger\u00e7ek ki\u015fiye ili\u015fkin isim, soyisim,<br>do\u011fum tarihi veya telefon numaras\u0131 gibi her t\u00fcrl\u00fc bilgiyi ifade etmektedir.<br>Ki\u015fisel verileriniz, veri sorumlusu s\u0131fat\u0131yla \u0130stanbul Ticaret Sicil M\u00fcd\u00fcrl\u00fc\u011f\u00fc Ticaret<br>Sicil M\u00fcd\u00fcrl\u00fc\u011f\u00fc nezdinde 533231-480813 sicil numaras\u0131 ile kay\u0131tl\u0131 ve \u015firket merkezi<br>Org Sanayi B\u00f6lgesi Des Sanayi Sitesi 112\/ Sk D\/7 Blok NO: 62\/64 Yukar\u0131 Dudullu,<br>\u00dcmraniye\/\u0130stanbul adresinde bulunan Teknik Tak\u0131m (\u015eirket) taraf\u0131ndan 6698 say\u0131l\u0131<br>Ki\u015fisel Verilerin Korunmas\u0131 Kanunu (KVKK) ba\u015fta olmak \u00fczere, ilgili mevzuat<br>d\u00fczenlemeleri ve yetkili otorite kararlar\u0131\/duyurular\u0131 ile i\u015fbu Gizlilik Politikas\u0131<br>\u00e7er\u00e7evesinde i\u015flenmektedir.<br>\u015eirket, gizlili\u011finizin ve ki\u015fisel verilerinizin korunmas\u0131na ili\u015fkin endi\u015felerinize sayg\u0131<br>duymaktad\u0131r. Bu kapsamda \u015eirket, ki\u015fisel verilerinizi KVKK ba\u015fta olmak \u00fczere<br>ki\u015fisel verilerin korunmas\u0131na ili\u015fkin t\u00fcm mevzuat h\u00fck\u00fcmlerine uygun \u015fekilde<br>i\u015flemekte, verilerinizin g\u00fcvenli \u015fekilde bar\u0131nd\u0131r\u0131lmas\u0131n\u0131 sa\u011flamakta ve olas\u0131 hukuka<br>ayk\u0131r\u0131 eri\u015fimlere kar\u015f\u0131 gerekli t\u00fcm g\u00fcvenlik tedbirlerini almaktad\u0131r.<br>\u0130\u015fbu Gizlilik Politikas\u0131 metni, \u015eirket taraf\u0131ndan a\u015fa\u011f\u0131da belirtilen kanallar vas\u0131tas\u0131 ile<br>hangi ki\u015fisel veri kategorilerinizin topland\u0131\u011f\u0131 ve hangi s\u00fcre\u00e7ler ve ama\u00e7larla<br>i\u015flendi\u011fi, hangi al\u0131c\u0131 gruplar\u0131na aktar\u0131ld\u0131\u011f\u0131, ki\u015fisel verilerinizin korunmas\u0131na ili\u015fkin<br>haklar\u0131n\u0131z\u0131 ve veri sorumlusu olarak \u015eirketin ayd\u0131nlatma y\u00fck\u00fcml\u00fcl\u00fc\u011f\u00fc kapsam\u0131nda<br>sizleri bilgilendirmesi gereken di\u011fer a\u00e7\u0131klamalar\u0131 i\u00e7ermektedir.<br>Gizlilik Politikas\u0131n\u0131n Kapsam\u0131 ve Toplanan Veriler<br>Belirli bir ki\u015fiye ait kullan\u0131lacak ve i\u015flenecek bilgiler, yaln\u0131zca bu ki\u015finin kendi<br>istemiyle veri girmesi veya bu hususta a\u00e7\u0131k\u00e7a muvafakat vermesi halinde<br>2\/6<br>m\u00fcmk\u00fcnd\u00fcr. Veri girilmesi veya bu konuda a\u00e7\u0131k\u00e7a muvafakat verilmesi, ki\u015finin<br>a\u015fa\u011f\u0131da belirtilen \u015fartlar ile mutab\u0131k oldu\u011funun g\u00f6stergesidir. \u0130nternet sitesi ziyaret<br>edildi\u011finde baz\u0131 bilgiler internet sitesi sunucular\u0131nda depolan\u0131r.<br>Bu veriler \u015fu \u015fekilde olabilir:<\/p>\n\n\n\n<ul class=\"wp-block-list\">\n<li>\u0130sim<\/li>\n\n\n\n<li>Soyisim<\/li>\n\n\n\n<li>E-mail<\/li>\n\n\n\n<li>isim<br>soyisim<br>e-mail<br>Bu veriler do\u011frultusunda site kullan\u0131c\u0131s\u0131 hakk\u0131nda birtak\u0131m sonu\u00e7lar \u00e7\u0131kar\u0131l\u0131r. Ancak<br>bu ki\u015fisel veriler sadece anonim olarak kullan\u0131labilir. Bu verilerin d\u0131\u015far\u0131dan bir<br>hizmet sa\u011flayac\u0131s\u0131na aktar\u0131lmas\u0131 durumunda veri g\u00fcvenli\u011fine ili\u015fkin mevcut yasal<br>d\u00fczenlemeler \u00e7er\u00e7evesinde aktar\u0131lmas\u0131 i\u00e7in gerekli i\u015flemler ger\u00e7ekle\u015ftirilir.<br>Kendi iste\u011finiz ile ki\u015fisel bilgilerin verilmesi halinde \u015eirket, bu bilgileri yasada<br>\u00f6ng\u00f6r\u00fclen veya kullan\u0131c\u0131n\u0131n kabul beyan\u0131nda belirtilen s\u0131n\u0131rlamalar \u00e7er\u00e7evesinde<br>kullanaca\u011f\u0131n\u0131 ve bu \u00e7er\u00e7evede i\u015fleme tabi tutaca\u011f\u0131n\u0131 veya aktar\u0131laca\u011f\u0131n\u0131 taahh\u00fct<br>eder.<br>Ki\u015fisel verilerin ve \u00e7erezlerin kullan\u0131m ama\u00e7lar\u0131 a\u015fa\u011f\u0131da listelenmi\u015ftir:<\/li>\n\n\n\n<li>Kullan\u0131c\u0131lar\u0131n deneyimlerini \u00f6zelle\u015ftirme<\/li>\n\n\n\n<li>Web sitelerine eri\u015fim<\/li>\n\n\n\n<li>Kullan\u0131c\u0131larla ileti\u015fimin sa\u011flanmas\u0131<\/li>\n\n\n\n<li>Rekabet<\/li>\n\n\n\n<li>Reklam ve pazarlama<\/li>\n\n\n\n<li>Analizler ve pazar ara\u015ft\u0131rmas\u0131 yapma<\/li>\n\n\n\n<li>\u0130nternet sitesini y\u00f6netme ve kay\u0131t tutma<br>Sunulan hizmetin bir par\u00e7as\u0131 olarak \u015eirket, hizmet alan ki\u015filere ili\u015fkin bilgileri i\u015fbu<br>Gizlilik Politikas\u0131 kapsam\u0131nda elde edilebilir ve aktarabilir. Bu t\u00fcr bilgi aktar\u0131mlar\u0131,<br>\u00fc\u00e7\u00fcnc\u00fc ki\u015filer taraf\u0131ndan belirlenen \u015fartlara ve \u00fc\u00e7\u00fcnc\u00fc ki\u015filer ile mevcut<br>3\/6<br>s\u00f6zle\u015fmelere ve y\u00fcr\u00fcrl\u00fckteki mevcut yasal mevzuata uygun olarak yap\u0131l\u0131r. Bu<br>Gizlilik Politikas\u0131, bilgi aktar\u0131m\u0131 yap\u0131lan \u00fc\u00e7\u00fcnc\u00fc ki\u015filerin gizlilik uygulamalar\u0131n\u0131<br>yans\u0131tmamaktad\u0131r ve onlar\u0131n gizlilik politikalar\u0131ndan veya uygulamalar\u0131ndan \u015eirket<br>sorumlu de\u011fildir. \u0130\u015fbu Gizlilik Politikas\u0131 \u015eirketin kendi kontrol\u00fc d\u0131\u015f\u0131ndaki<br>uygulamalar taraf\u0131ndan toplan\u0131lan bilgiler, \u00fc\u00e7\u00fcnc\u00fc taraflara ait internet siteleri ve<br>platformlar taraf\u0131ndan toplan\u0131lan bilgiler, \u00fc\u00e7\u00fcnc\u00fc taraflarca \u015eirket internet<br>sitesindeki ba\u011flant\u0131lar \u00fczerinden toplanan bilgiler veya \u015eirketin sponsor oldu\u011fu<br>veya kat\u0131ld\u0131\u011f\u0131 \u00fc\u00e7\u00fcnc\u00fc taraf internet siteleri \u00fczerindeki ba\u015fl\u0131klar, kampanyalar ve<br>di\u011fer reklam veya tan\u0131t\u0131mlar\u0131 kapsamamaktad\u0131r. \u00dc\u00e7\u00fcnc\u00fc taraflar\u0131n kendi internet<br>siteleri yoluyla toplad\u0131\u011f\u0131, saklad\u0131\u011f\u0131 ve kulland\u0131\u011f\u0131 ki\u015fisel verilere y\u00f6nelik yap\u0131lan<br>i\u015flemlerden \u015eirket sorumlu de\u011fildir.<br>\u00c7ocuklar\u0131n Gizlili\u011fi<br>\u0130nternet sitemizde 18 ya\u015f\u0131n\u0131n alt\u0131ndaki \u00e7ocuklardan bilerek veri toplamamaktad\u0131r.<br>E\u011fer 18 ya\u015f\u0131n\u0131n alt\u0131ndaysan\u0131z l\u00fctfen Hizmetleri kullanarak herhangi bir ki\u015fisel<br>verinizi payla\u015fmay\u0131n\u0131z. Bu noktada \u00e7ocuklar\u0131n veli veya vasilerinin i\u015fbu Gizlilik<br>Politikas\u0131n\u0131n uygulanmas\u0131 konusunda \u00e7ocuklar\u0131n\u0131 ki\u015fisel verilerini payla\u015fmamalar\u0131<br>konusunda e\u011fiterek yard\u0131mlar\u0131 beklenmektedir.<br>\u00c7erez Kullan\u0131m\u0131<br>\u015eirket, an\u0131lan ki\u015fisel verilerden baz\u0131lar\u0131n\u0131 teknik bir ileti\u015fim dosyas\u0131n\u0131 (\u00c7erez-cookie)<br>kullanarak elde edebilir. Bahsi ge\u00e7en teknik ileti\u015fim dosyalar\u0131, ana bellekte<br>saklanmak \u00fczere bir internet sitesinin kullan\u0131c\u0131n\u0131n taray\u0131c\u0131s\u0131na g\u00f6nderdi\u011fi k\u00fc\u00e7\u00fck<br>metin dosyalar\u0131d\u0131r. Teknik ileti\u015fim dosyas\u0131 bir internet sitesi hakk\u0131nda durum ve<br>tercihleri saklayarak \u0130nternet&#8217;in kullan\u0131m\u0131n\u0131 kolayla\u015ft\u0131r\u0131r. Teknik ileti\u015fim dosyas\u0131,<br>internet sitesini ka\u00e7 ki\u015finin kulland\u0131\u011f\u0131n\u0131, bir ki\u015finin internet sitesini hangi ama\u00e7la,<br>ka\u00e7 kez ziyaret etti\u011fini ve ne kadar kald\u0131klar\u0131n\u0131 belirten istatistiksel bilgileri elde<br>etmeye ve kullan\u0131c\u0131lar i\u00e7in \u00f6zel tasarlanm\u0131\u015f kullan\u0131c\u0131 sayfalar\u0131ndan dinamik olarak<br>reklam ve i\u00e7erik \u00fcretilmesine yard\u0131mc\u0131 olur. Teknik ileti\u015fim dosyas\u0131, ana bellekte<br>veya e-postalardan veri veya ba\u015fka herhangi bir ki\u015fisel veri almak i\u00e7in<br>tasarlanmam\u0131\u015ft\u0131r. Taray\u0131c\u0131lar\u0131n pek \u00e7o\u011fu ba\u015fta teknik ileti\u015fim dosyas\u0131n\u0131 kabul eder<br>bi\u00e7imde tasarlanm\u0131\u015ft\u0131r, fakat kullan\u0131c\u0131lar dilerse teknik ileti\u015fim dosyas\u0131n\u0131n<br>gelmemesi veya teknik ileti\u015fim dosyas\u0131 g\u00f6nderildi\u011finde ikaz verilmesini sa\u011flayacak<br>bi\u00e7imde ayarlar\u0131 de\u011fi\u015ftirebilirler. Bu ayar de\u011fi\u015fikli\u011finden kaynaklanan herhangi bir<br>kusurlu \u00e7al\u0131\u015fma taraf\u0131m\u0131za atfedilmemelidir.<br>\u0130nternet sitesinde kullan\u0131lan \u00e7erezler \u015fu \u015fekildedir:<\/li>\n\n\n\n<li>Sitedeyken ziyaret edilen di\u011fer sitelerin adlar\u0131<\/li>\n\n\n\n<li>\u0130nternet sitesini bulmak amac\u0131 ile kullan\u0131lan kelimeler<br>4\/6<\/li>\n\n\n\n<li>\u0130nternet servisi sa\u011flay\u0131c\u0131s\u0131n\u0131n ismi<\/li>\n\n\n\n<li>IP adresi ve\/veya konumu<\/li>\n\n\n\n<li>Eri\u015fim sa\u011flayan bilgisayar\u0131n i\u015fletim sistemi<\/li>\n\n\n\n<li><strong><em>__<\/em><\/strong><br>Di\u011fer \u0130nternet Sitelerine Verilen Ba\u011flant\u0131lar<br>\u015eirket internet sitesi, i\u00e7eri\u011finde \u00fc\u00e7\u00fcnc\u00fc ki\u015filere ait internet sitelerine y\u00f6nlendiren<br>ba\u011flant\u0131lar\/linkler i\u00e7erebilecek olup i\u015fbu Gizlilik Politikas\u0131 bu internet siteleri i\u00e7in<br>ge\u00e7erli de\u011fildir. \u015eirket bu internet sitelerine ili\u015fkin herhangi bir sorumluluk kabul<br>etmemektedir.<br>Sosyal Medya<br>\u015eirket internet sitesi sitenin tamam\u0131n\u0131n ya da bir b\u00f6l\u00fcm\u00fcn\u00fcn sosyal medya<br>a\u011flar\u0131nda payla\u015f\u0131labilmesi i\u00e7in baz\u0131 sosyal medya a\u011flar\u0131na g\u00f6m\u00fcl\u00fc \u015fekilde ba\u011flant\u0131<br>vermektedir. Bu ba\u011flant\u0131l\u0131 hizmetler yaln\u0131zca onay verilmesi durumunda \u00e7al\u0131\u015fmakta<br>olup bu sosyal medya ba\u011flant\u0131lar\u0131n\u0131n amac\u0131 site i\u00e7eriklerinin g\u00f6r\u00fcnt\u00fclenmesi ve<br>istenildi\u011finde arkada\u015flar\u0131n\u0131zla ve yak\u0131nlar\u0131n\u0131zla payla\u015fabilmenizdir. Bu y\u00f6nlendirilen<br>sosyal medya a\u011flar\u0131yla ilgili veri payla\u015f\u0131m\u0131 onlar\u0131n sitelerinde ilan ettikleri gizlilik<br>politikalar\u0131na tabidir. Bu gizlilik politikalar\u0131n\u0131 da incelemeniz \u00f6nem ta\u015f\u0131maktad\u0131r.<br>Bilgi G\u00fcncelleme ve De\u011fi\u015fiklik<br>\u015eirket, gizlilik veri koruma prensiplerini g\u00fcncel tutmak ve ilgili mevzuata uygun<br>hale getirmek i\u00e7in i\u015fbu Gizlilik Politikas\u0131&#8217;n\u0131n i\u00e7eri\u011fini diledi\u011fi zaman de\u011fi\u015ftirebilir.<br>De\u011fi\u015fen Gizlilik Politikas\u0131 \u015eirket internet sitesinde ilan edilir. Gizlilik Politikas\u0131&#8217;n\u0131n<br>g\u00fcncel haline https:\/\/tekniktakim.org\/ adresinden s\u00fcrekli olarak ula\u015fman\u0131z<br>m\u00fcmk\u00fcnd\u00fcr. \u0130\u015fbu Gizlilik Politikas\u0131&#8217;n\u0131n de\u011fi\u015ftirilmesinden sonra \u015eirketin hizmet<br>veya uygulamalar\u0131n\u0131 kullanmaya devam etmeniz halinde yap\u0131lan de\u011fi\u015fiklikleri kabul<br>etti\u011finiz varsay\u0131l\u0131r. \u015eirketin de\u011fi\u015fiklik yapt\u0131\u011f\u0131 Gizlilik Politikas\u0131 h\u00fck\u00fcmleri internet<br>sitesinde yay\u0131nland\u0131\u011f\u0131 tarihte y\u00fcr\u00fcrl\u00fck kazan\u0131r.<br>\u0130\u015flenen Ki\u015fisel Veri Kategorileri ve Ki\u015fisel Verilerin \u0130\u015flenme Ama\u00e7lar\u0131<br>Payla\u015f\u0131lan ki\u015fisel veriler m\u00fc\u015fterilere verilen hizmetlerin gereklerini, s\u00f6zle\u015fmenin ve<br>teknolojinin gereklerine uygun \u015fekilde yapabilmek, sunulan \u00fcr\u00fcn ve hizmetlerimizi<br>geli\u015ftirebilmek i\u00e7in; kamu g\u00fcvenli\u011fine ili\u015fkin hususlarda ve hukuki uyu\u015fmazl\u0131klarda,<br>5\/6<br>talep halinde ve mevzuat gere\u011fi savc\u0131l\u0131klara, mahkemelere ve ilgili kamu<br>g\u00f6revlilerine bilgi verebilmek i\u00e7in; \u00fcyelerimize geni\u015f kapsamda \u00e7e\u015fitli imkanlar<br>sunabilmek i\u00e7in veya bu imkanlar\u0131 sunabilecek ki\u015fi ve kurumlarla yasal \u00e7er\u00e7evede<br>payla\u015fabilmek i\u00e7in; reklam tercihlerini analiz etmek i\u00e7in 6698 say\u0131l\u0131 KVKK ve ilgili<br>ikincil d\u00fczenlemelere uygun olarak i\u015flenecektir.<br>Verileri Saklama S\u00fcresi<br>Sitede herhangi bir \u015fekilde do\u011frudan payla\u015f\u0131lan veriler etkile\u015fim s\u00fcresinin devam\u0131<br>boyunca saklanmaktad\u0131r.<br>Ki\u015fisel Verilerin Ne \u015eekilde \u0130\u015flenebilece\u011fi<br>6698 say\u0131l\u0131 Ki\u015fisel Verilerin Korumas\u0131 Kanunu (KVKK) uyar\u0131nca, Teknik Tak\u0131m ile<br>payla\u015f\u0131lan ki\u015fisel veriler, tamamen veya k\u0131smen, otomatik olarak veya herhangi bir<br>veri kay\u0131t sisteminin par\u00e7as\u0131 olmak kayd\u0131yla otomatik olmayan yollarla elde<br>edilerek, kaydedilerek, depolanarak, de\u011fi\u015ftirilerek, yeniden d\u00fczenlenerek k\u0131sacas\u0131<br>veriler \u00fczerinde ger\u00e7ekle\u015ftirilen her t\u00fcrl\u00fc i\u015fleme konu olarak taraf\u0131m\u0131zca<br>i\u015flenebilecektir. KVKK kapsam\u0131nda veriler \u00fczerinde ger\u00e7ekle\u015ftirilen her t\u00fcrl\u00fc i\u015flem<br>&#8220;ki\u015fisel verilerin i\u015flenmesi&#8221; olarak kabul edilmektedir.<br>Ki\u015fisel Verilerin Aktar\u0131labilece\u011fi \u00dc\u00e7\u00fcnc\u00fc Ki\u015fi Veya Kurulu\u015flar Hakk\u0131nda<br>Bilgilendirme<br>Yukar\u0131da belirtilen ama\u00e7larla, Teknik Tak\u0131m ile payla\u015f\u0131lan ki\u015fisel verilerin<br>aktar\u0131labilece\u011fi ki\u015fi ve kurulu\u015flar; ana hissedarlar, hissedarlar, reklam verenler,<br>do\u011frudan veya dolayl\u0131 yurti\u00e7i\/ yurtd\u0131\u015f\u0131 i\u015ftiraklerimiz; ba\u015fta Teknik Tak\u0131m altyap\u0131s\u0131n\u0131<br>kullanan \u00fcye firmalar ve bunlarla s\u0131n\u0131rl\u0131 olmamak \u00fczere sunulan hizmet ile ilgili ki\u015fi<br>ve kurulu\u015flar olmak \u00fczere, faaliyetlerimizi y\u00fcr\u00fctmek \u00fczere veya Veri \u0130\u015fleyen s\u0131fat\u0131<br>ile hizmet ald\u0131\u011f\u0131m\u0131z, i\u015f birli\u011fi yapt\u0131\u011f\u0131m\u0131z, program orta\u011f\u0131 kurulu\u015flar\u0131, yurti\u00e7i\/yurtd\u0131\u015f\u0131<br>kurulu\u015flar ve di\u011fer 3. ki\u015filer ve kurulu\u015flard\u0131r. Mahkemelerden gelen ba\u011flay\u0131c\u0131<br>taleplere y\u00f6nelik olarak hukuki y\u00fck\u00fcml\u00fcl\u00fcklerimiz dahilinde verileriniz istisnai<br>olarak resmi kurumlarla payla\u015f\u0131labilecektir.<br>KVKK Y\u00fcr\u00fcrl\u00fc\u011fe Girmeden \u00d6nce Elde Edilen Ki\u015fisel Veriler<br>Teknik Tak\u0131m internet sitesinde KVKK&#8217;n\u0131n y\u00fcr\u00fcrl\u00fck tarihi olan 07.04.2016 tarihinden<br>\u00f6nce depolanan ki\u015fisel veri bulunmamaktad\u0131r.<br>Veri Sahibinin Haklar\u0131<br>6\/6<br>Veri sahibi verilerine eri\u015fim hakk\u0131n\u0131 her zaman kullanabilir. Buna ek olarak ilgili<br>\u015fartlar\u0131n yerine getirilmesi durumunda KVKK madde 11&#8217;de d\u00fczenlenen haklar ve<br>a\u015fa\u011f\u0131da belirtilen haklar kullan\u0131labilir.<br>D\u00fczeltme hakk\u0131,<br>Silme hakk\u0131,<br>\u0130\u015flemeyi k\u0131s\u0131tlama hakk\u0131,<br>Yetkili veri koruma denetim kurumu \u00fczerinden bir \u015fikayet olu\u015fturma hakk\u0131,<br>Veri ta\u015f\u0131nabilirli\u011fi hakk\u0131.<br>Ki\u015fisel verilerin, \u015eirketin kanuni bir faydaya sahip oldu\u011fu zeminde i\u015flenmesine<br>ili\u015fkin faaliyetler s\u00f6z konusu oldu\u011funda, i\u00e7inde bulunulan \u00f6zel durum sonucunda<br>olu\u015fan gerek\u00e7eler dolay\u0131s\u0131yla, veri sahibi ki\u015fisel verilerin i\u015flenmesine itiraz hakk\u0131na<br>sahiptir. \u015eirket, verilerin i\u015flenmesine ili\u015fikin olarak korumas\u0131 gereken \u00e7\u0131karlar\u0131n,<br>haklar\u0131n ve \u00f6zg\u00fcrl\u00fcklerin \u00fczerinde yer alan \u00f6nemli bir gerek\u00e7e oldu\u011funu<br>kan\u0131tlayamad\u0131\u011f\u0131 veya bu i\u015flem kanuni hak taleplerde bulunmak, bu talepleri<br>kullanmak veya savunmak gibi ama\u00e7lara hizmet etti\u011fi s\u00fcrece \u015eirket verilerin<br>i\u015flenmesini durduracakt\u0131r.<br>Ki\u015fisel verilerin i\u015flenmesine onay verilmesi halinde onay\u0131n geri \u00e7ekilmesi imkan\u0131<br>vard\u0131r.<br>Kanun kapsam\u0131nda, ki\u015fisel verileriniz ile ilgili her t\u00fcrl\u00fc talep, \u015fikayet ve<br>\u00f6nerilerinizi, kimli\u011finizi tevsik edici belgeler ve talebinizi i\u00e7eren dilek\u00e7eniz ile<br>a\u015fa\u011f\u0131daki adresimize ula\u015ft\u0131rabilir veya g\u00fcvenli elektronik imza kullanmak suretiyle<br>\u015eirketimizin bilgi@tekniktakim.org kay\u0131tl\u0131 elektronik posta adresine<br>g\u00f6nderebilirsiniz.<br>Adresimiz:<br>Org Sanayi B\u00f6lgesi Des Sanayi Sitesi 112\/ Sk D\/7 Blok NO: 62\/64 Yukar\u0131 Dudullu,<br>\u00dcmraniye\/\u0130stanbu<\/li>\n<\/ul>\n","protected":false},"excerpt":{"rendered":"<p>WEB S\u0130TES\u0130 G\u0130ZL\u0130L\u0130K POL\u0130T\u0130KASITeknik Tak\u0131m (&#8220;\u015eirket&#8221;), internet sitesini ziyaret eden ki\u015filerin payla\u015fm\u0131\u015f oldu\u011fubilgilerin gizlili\u011fini sa\u011flamay\u0131 ilke olarak kabul etmi\u015ftir. Bu nedenle i\u015fbu &#8220;GizlilikPolitikas\u0131&#8221; ki\u015filerin hangi bilgilerinin, hangi yollarla i\u015flendi\u011fini, bu bilgilerin hukukauygun olarak ve vermi\u015f oldu\u011funuz izin kapsam\u0131nda hangi \u00fc\u00e7\u00fcnc\u00fc ki\u015filer ilepayla\u015f\u0131ld\u0131\u011f\u0131n\u0131 ve \u015eirket taraf\u0131ndan ne \u015fekilde korundu\u011funu a\u00e7\u0131klayarak sizibilgilendirmek [&hellip;]<\/p>\n","protected":false},"author":1,"featured_media":0,"parent":0,"menu_order":0,"comment_status":"closed","ping_status":"closed","template":"","meta":{"_themeisle_gutenberg_block_has_review":false,"footnotes":""},"class_list":["post-171","page","type-page","status-publish","hentry"],"yoast_head":"<!-- This site is optimized with the Yoast SEO plugin v26.6 - https:\/\/yoast.com\/wordpress\/plugins\/seo\/ -->\n<title>Gizlilik Politikas\u0131 - TEKN\u0130K TAKIM<\/title>\n<meta name=\"robots\" content=\"index, follow, max-snippet:-1, max-image-preview:large, max-video-preview:-1\" \/>\n<link rel=\"canonical\" href=\"https:\/\/tekniktakim.org\/?page_id=171\" \/>\n<meta property=\"og:locale\" content=\"tr_TR\" \/>\n<meta property=\"og:type\" content=\"article\" \/>\n<meta property=\"og:title\" content=\"Gizlilik Politikas\u0131 - TEKN\u0130K TAKIM\" \/>\n<meta property=\"og:description\" content=\"WEB S\u0130TES\u0130 G\u0130ZL\u0130L\u0130K POL\u0130T\u0130KASITeknik Tak\u0131m (&#8220;\u015eirket&#8221;), internet sitesini ziyaret eden ki\u015filerin payla\u015fm\u0131\u015f oldu\u011fubilgilerin gizlili\u011fini sa\u011flamay\u0131 ilke olarak kabul etmi\u015ftir. Bu nedenle i\u015fbu &#8220;GizlilikPolitikas\u0131&#8221; ki\u015filerin hangi bilgilerinin, hangi yollarla i\u015flendi\u011fini, bu bilgilerin hukukauygun olarak ve vermi\u015f oldu\u011funuz izin kapsam\u0131nda hangi \u00fc\u00e7\u00fcnc\u00fc ki\u015filer ilepayla\u015f\u0131ld\u0131\u011f\u0131n\u0131 ve \u015eirket taraf\u0131ndan ne \u015fekilde korundu\u011funu a\u00e7\u0131klayarak sizibilgilendirmek [&hellip;]\" \/>\n<meta property=\"og:url\" content=\"https:\/\/tekniktakim.org\/?page_id=171\" \/>\n<meta property=\"og:site_name\" content=\"TEKN\u0130K TAKIM\" \/>\n<meta property=\"article:modified_time\" content=\"2023-04-07T09:20:54+00:00\" \/>\n<meta name=\"twitter:card\" content=\"summary_large_image\" \/>\n<meta name=\"twitter:label1\" content=\"Tahmini okuma s\u00fcresi\" \/>\n\t<meta name=\"twitter:data1\" content=\"10 dakika\" \/>\n<script type=\"application\/ld+json\" class=\"yoast-schema-graph\">{\"@context\":\"https:\/\/schema.org\",\"@graph\":[{\"@type\":\"WebPage\",\"@id\":\"https:\/\/tekniktakim.org\/?page_id=171\",\"url\":\"https:\/\/tekniktakim.org\/?page_id=171\",\"name\":\"Gizlilik Politikas\u0131 - TEKN\u0130K TAKIM\",\"isPartOf\":{\"@id\":\"https:\/\/tekniktakim.org\/#website\"},\"datePublished\":\"2023-04-07T09:20:52+00:00\",\"dateModified\":\"2023-04-07T09:20:54+00:00\",\"breadcrumb\":{\"@id\":\"https:\/\/tekniktakim.org\/?page_id=171#breadcrumb\"},\"inLanguage\":\"tr\",\"potentialAction\":[{\"@type\":\"ReadAction\",\"target\":[\"https:\/\/tekniktakim.org\/?page_id=171\"]}]},{\"@type\":\"BreadcrumbList\",\"@id\":\"https:\/\/tekniktakim.org\/?page_id=171#breadcrumb\",\"itemListElement\":[{\"@type\":\"ListItem\",\"position\":1,\"name\":\"Anasayfa\",\"item\":\"https:\/\/tekniktakim.org\/\"},{\"@type\":\"ListItem\",\"position\":2,\"name\":\"Gizlilik Politikas\u0131\"}]},{\"@type\":\"WebSite\",\"@id\":\"https:\/\/tekniktakim.org\/#website\",\"url\":\"https:\/\/tekniktakim.org\/\",\"name\":\"TEKN\u0130K TAKIM\",\"description\":\"SAN. T\u0130C. LTD. \u015eT\u0130. RBT.\",\"publisher\":{\"@id\":\"https:\/\/tekniktakim.org\/#organization\"},\"potentialAction\":[{\"@type\":\"SearchAction\",\"target\":{\"@type\":\"EntryPoint\",\"urlTemplate\":\"https:\/\/tekniktakim.org\/?s={search_term_string}\"},\"query-input\":{\"@type\":\"PropertyValueSpecification\",\"valueRequired\":true,\"valueName\":\"search_term_string\"}}],\"inLanguage\":\"tr\"},{\"@type\":\"Organization\",\"@id\":\"https:\/\/tekniktakim.org\/#organization\",\"name\":\"TEKN\u0130K TAKIM\",\"url\":\"https:\/\/tekniktakim.org\/\",\"logo\":{\"@type\":\"ImageObject\",\"inLanguage\":\"tr\",\"@id\":\"https:\/\/tekniktakim.org\/#\/schema\/logo\/image\/\",\"url\":\"https:\/\/tekniktakim.org\/wp-content\/uploads\/2025\/09\/cropped-TEKNIK-TAKIM-1-2.png\",\"contentUrl\":\"https:\/\/tekniktakim.org\/wp-content\/uploads\/2025\/09\/cropped-TEKNIK-TAKIM-1-2.png\",\"width\":1173,\"height\":309,\"caption\":\"TEKN\u0130K  TAKIM\"},\"image\":{\"@id\":\"https:\/\/tekniktakim.org\/#\/schema\/logo\/image\/\"}}]}<\/script>\n<!-- \/ Yoast SEO plugin. -->","yoast_head_json":{"title":"Gizlilik Politikas\u0131 - TEKN\u0130K TAKIM","robots":{"index":"index","follow":"follow","max-snippet":"max-snippet:-1","max-image-preview":"max-image-preview:large","max-video-preview":"max-video-preview:-1"},"canonical":"https:\/\/tekniktakim.org\/?page_id=171","og_locale":"tr_TR","og_type":"article","og_title":"Gizlilik Politikas\u0131 - TEKN\u0130K TAKIM","og_description":"WEB S\u0130TES\u0130 G\u0130ZL\u0130L\u0130K POL\u0130T\u0130KASITeknik Tak\u0131m (&#8220;\u015eirket&#8221;), internet sitesini ziyaret eden ki\u015filerin payla\u015fm\u0131\u015f oldu\u011fubilgilerin gizlili\u011fini sa\u011flamay\u0131 ilke olarak kabul etmi\u015ftir. Bu nedenle i\u015fbu &#8220;GizlilikPolitikas\u0131&#8221; ki\u015filerin hangi bilgilerinin, hangi yollarla i\u015flendi\u011fini, bu bilgilerin hukukauygun olarak ve vermi\u015f oldu\u011funuz izin kapsam\u0131nda hangi \u00fc\u00e7\u00fcnc\u00fc ki\u015filer ilepayla\u015f\u0131ld\u0131\u011f\u0131n\u0131 ve \u015eirket taraf\u0131ndan ne \u015fekilde korundu\u011funu a\u00e7\u0131klayarak sizibilgilendirmek [&hellip;]","og_url":"https:\/\/tekniktakim.org\/?page_id=171","og_site_name":"TEKN\u0130K TAKIM","article_modified_time":"2023-04-07T09:20:54+00:00","twitter_card":"summary_large_image","twitter_misc":{"Tahmini okuma s\u00fcresi":"10 dakika"},"schema":{"@context":"https:\/\/schema.org","@graph":[{"@type":"WebPage","@id":"https:\/\/tekniktakim.org\/?page_id=171","url":"https:\/\/tekniktakim.org\/?page_id=171","name":"Gizlilik Politikas\u0131 - TEKN\u0130K TAKIM","isPartOf":{"@id":"https:\/\/tekniktakim.org\/#website"},"datePublished":"2023-04-07T09:20:52+00:00","dateModified":"2023-04-07T09:20:54+00:00","breadcrumb":{"@id":"https:\/\/tekniktakim.org\/?page_id=171#breadcrumb"},"inLanguage":"tr","potentialAction":[{"@type":"ReadAction","target":["https:\/\/tekniktakim.org\/?page_id=171"]}]},{"@type":"BreadcrumbList","@id":"https:\/\/tekniktakim.org\/?page_id=171#breadcrumb","itemListElement":[{"@type":"ListItem","position":1,"name":"Anasayfa","item":"https:\/\/tekniktakim.org\/"},{"@type":"ListItem","position":2,"name":"Gizlilik Politikas\u0131"}]},{"@type":"WebSite","@id":"https:\/\/tekniktakim.org\/#website","url":"https:\/\/tekniktakim.org\/","name":"TEKN\u0130K TAKIM","description":"SAN. T\u0130C. LTD. \u015eT\u0130. RBT.","publisher":{"@id":"https:\/\/tekniktakim.org\/#organization"},"potentialAction":[{"@type":"SearchAction","target":{"@type":"EntryPoint","urlTemplate":"https:\/\/tekniktakim.org\/?s={search_term_string}"},"query-input":{"@type":"PropertyValueSpecification","valueRequired":true,"valueName":"search_term_string"}}],"inLanguage":"tr"},{"@type":"Organization","@id":"https:\/\/tekniktakim.org\/#organization","name":"TEKN\u0130K TAKIM","url":"https:\/\/tekniktakim.org\/","logo":{"@type":"ImageObject","inLanguage":"tr","@id":"https:\/\/tekniktakim.org\/#\/schema\/logo\/image\/","url":"https:\/\/tekniktakim.org\/wp-content\/uploads\/2025\/09\/cropped-TEKNIK-TAKIM-1-2.png","contentUrl":"https:\/\/tekniktakim.org\/wp-content\/uploads\/2025\/09\/cropped-TEKNIK-TAKIM-1-2.png","width":1173,"height":309,"caption":"TEKN\u0130K  TAKIM"},"image":{"@id":"https:\/\/tekniktakim.org\/#\/schema\/logo\/image\/"}}]}},"_links":{"self":[{"href":"https:\/\/tekniktakim.org\/index.php?rest_route=\/wp\/v2\/pages\/171","targetHints":{"allow":["GET"]}}],"collection":[{"href":"https:\/\/tekniktakim.org\/index.php?rest_route=\/wp\/v2\/pages"}],"about":[{"href":"https:\/\/tekniktakim.org\/index.php?rest_route=\/wp\/v2\/types\/page"}],"author":[{"embeddable":true,"href":"https:\/\/tekniktakim.org\/index.php?rest_route=\/wp\/v2\/users\/1"}],"replies":[{"embeddable":true,"href":"https:\/\/tekniktakim.org\/index.php?rest_route=%2Fwp%2Fv2%2Fcomments&post=171"}],"version-history":[{"count":1,"href":"https:\/\/tekniktakim.org\/index.php?rest_route=\/wp\/v2\/pages\/171\/revisions"}],"predecessor-version":[{"id":172,"href":"https:\/\/tekniktakim.org\/index.php?rest_route=\/wp\/v2\/pages\/171\/revisions\/172"}],"wp:attachment":[{"href":"https:\/\/tekniktakim.org\/index.php?rest_route=%2Fwp%2Fv2%2Fmedia&parent=171"}],"curies":[{"name":"wp","href":"https:\/\/api.w.org\/{rel}","templated":true}]}}