{"id":121,"date":"2023-04-06T14:23:39","date_gmt":"2023-04-06T14:23:39","guid":{"rendered":"https:\/\/tekniktakim.org\/?page_id=121"},"modified":"2023-05-08T12:21:47","modified_gmt":"2023-05-08T12:21:47","slug":"iletisim","status":"publish","type":"page","link":"https:\/\/tekniktakim.org\/?page_id=121","title":{"rendered":"\u0130LET\u0130\u015e\u0130M"},"content":{"rendered":"\t\t<div data-elementor-type=\"wp-page\" data-elementor-id=\"121\" class=\"elementor elementor-121\">\n\t\t\t\t\t\t<section class=\"elementor-section elementor-top-section elementor-element elementor-element-5c27f2b elementor-section-boxed elementor-section-height-default elementor-section-height-default\" data-id=\"5c27f2b\" data-element_type=\"section\">\n\t\t\t\t\t\t<div class=\"elementor-container elementor-column-gap-default\">\n\t\t\t\t\t<div class=\"elementor-column elementor-col-100 elementor-top-column elementor-element elementor-element-2a0d9e1\" data-id=\"2a0d9e1\" data-element_type=\"column\">\n\t\t\t<div class=\"elementor-widget-wrap elementor-element-populated\">\n\t\t\t\t\t\t<div class=\"elementor-element elementor-element-355b5f2 elementor-widget elementor-widget-heading\" data-id=\"355b5f2\" data-element_type=\"widget\" data-widget_type=\"heading.default\">\n\t\t\t\t\t<h2 class=\"elementor-heading-title elementor-size-default\">KONUM\n<\/h2>\t\t\t\t<\/div>\n\t\t\t\t\t<\/div>\n\t\t<\/div>\n\t\t\t\t\t<\/div>\n\t\t<\/section>\n\t\t\t\t<section class=\"elementor-section elementor-top-section elementor-element elementor-element-a4a5f7e elementor-section-boxed elementor-section-height-default elementor-section-height-default\" data-id=\"a4a5f7e\" data-element_type=\"section\">\n\t\t\t\t\t\t<div class=\"elementor-container elementor-column-gap-default\">\n\t\t\t\t\t<div class=\"elementor-column elementor-col-100 elementor-top-column elementor-element elementor-element-118bf30\" data-id=\"118bf30\" data-element_type=\"column\">\n\t\t\t<div class=\"elementor-widget-wrap elementor-element-populated\">\n\t\t\t\t\t\t<div class=\"elementor-element elementor-element-cb08cfc elementor-widget elementor-widget-spacer\" data-id=\"cb08cfc\" data-element_type=\"widget\" data-widget_type=\"spacer.default\">\n\t\t\t\t\t\t\t<div class=\"elementor-spacer\">\n\t\t\t<div class=\"elementor-spacer-inner\"><\/div>\n\t\t<\/div>\n\t\t\t\t\t\t<\/div>\n\t\t\t\t\t<\/div>\n\t\t<\/div>\n\t\t\t\t\t<\/div>\n\t\t<\/section>\n\t\t\t\t<section class=\"elementor-section elementor-top-section elementor-element elementor-element-7d3a95e elementor-section-boxed elementor-section-height-default elementor-section-height-default\" data-id=\"7d3a95e\" data-element_type=\"section\">\n\t\t\t\t\t\t<div class=\"elementor-container elementor-column-gap-default\">\n\t\t\t\t\t<div class=\"elementor-column elementor-col-100 elementor-top-column elementor-element elementor-element-5f7557d\" data-id=\"5f7557d\" data-element_type=\"column\">\n\t\t\t<div class=\"elementor-widget-wrap elementor-element-populated\">\n\t\t\t\t\t\t<div class=\"elementor-element elementor-element-ddc16fe elementor-widget elementor-widget-google_maps\" data-id=\"ddc16fe\" data-element_type=\"widget\" data-widget_type=\"google_maps.default\">\n\t\t\t\t\t\t\t<div class=\"elementor-custom-embed\">\n\t\t\t<iframe loading=\"lazy\"\n\t\t\t\t\tsrc=\"https:\/\/maps.google.com\/maps?q=TEKN%C4%B0K%20TAKIM%20DULULLU%20ORGAN%C4%B0ZE%20SANAY%C4%B0%20B%C3%96LGES%C4%B0&#038;t=m&#038;z=12&#038;output=embed&#038;iwloc=near\"\n\t\t\t\t\ttitle=\"TEKN\u0130K TAKIM DULULLU ORGAN\u0130ZE SANAY\u0130 B\u00d6LGES\u0130\"\n\t\t\t\t\taria-label=\"TEKN\u0130K TAKIM DULULLU ORGAN\u0130ZE SANAY\u0130 B\u00d6LGES\u0130\"\n\t\t\t><\/iframe>\n\t\t<\/div>\n\t\t\t\t\t\t<\/div>\n\t\t\t\t\t<\/div>\n\t\t<\/div>\n\t\t\t\t\t<\/div>\n\t\t<\/section>\n\t\t\t\t<section class=\"elementor-section elementor-top-section elementor-element elementor-element-c704bfe elementor-section-boxed elementor-section-height-default elementor-section-height-default\" data-id=\"c704bfe\" data-element_type=\"section\">\n\t\t\t\t\t\t<div class=\"elementor-container elementor-column-gap-default\">\n\t\t\t\t\t<div class=\"elementor-column elementor-col-100 elementor-top-column elementor-element elementor-element-22fcc72\" data-id=\"22fcc72\" data-element_type=\"column\">\n\t\t\t<div class=\"elementor-widget-wrap elementor-element-populated\">\n\t\t\t\t\t\t<div class=\"elementor-element elementor-element-1b92d08 elementor-widget elementor-widget-content_form_contact\" data-id=\"1b92d08\" data-element_type=\"widget\" data-widget_type=\"content_form_contact.default\">\n\t\t\t\t<div class=\"elementor-widget-container\">\n\t\t\t\t\t<form action=\"https:\/\/tekniktakim.org\/wp-admin\/admin-post.php\" method=\"post\" name=\"content-form-1b92d08\" id=\"content-form-1b92d08\" class=\"ti-cf-module content-form content-form-contact content_form_contact\"><input type=\"hidden\" id=\"_wpnonce_contact\" name=\"_wpnonce_contact\" value=\"45dc9e8c1f\" \/><input type=\"hidden\" name=\"_wp_http_referer\" value=\"\/index.php?rest_route=%2Fwp%2Fv2%2Fpages%2F121\" \/><input type=\"hidden\" name=\"action\" value=\"content_form_submit\" \/><input type=\"hidden\" name=\"form-type\" value=\"contact\" \/><input type=\"hidden\" name=\"form-builder\" value=\"elementor\" \/><input type=\"hidden\" name=\"post-id\" value=\"121\" \/><input type=\"hidden\" name=\"form-id\" value=\"1b92d08\" \/><fieldset class=&quot;content-form-field-text elementor-column elementor-col-100&quot;><label for=\"data[1b92d08][name]\" >Ad    Soyad<span class=\"required-mark\"> *<\/span><\/label><input type=\"text\" name=\"data[1b92d08][name]\" id=\"data[1b92d08][name]\" required=required  placeholder=\"\"><\/fieldset><fieldset class=&quot;content-form-field-email elementor-column elementor-col-100&quot;><label for=\"data[1b92d08][email]\" >Email<span class=\"required-mark\"> *<\/span><\/label><input type=\"text\" name=\"data[1b92d08][email]\" id=\"data[1b92d08][email]\" required=required  placeholder=\"\"><\/fieldset><fieldset class=&quot;content-form-field-number elementor-column elementor-col-100&quot;><label for=\"data[1b92d08][phone]\" >Telefon Numaras\u0131<\/label><input type=\"text\" name=\"data[1b92d08][phone]\" id=\"data[1b92d08][phone]\"   placeholder=\"\"><\/fieldset><fieldset class=&quot;content-form-field-textarea elementor-column elementor-col-100&quot;><label for=\"data[1b92d08][message]\" >Mesaj\u0131n\u0131z<span class=\"required-mark\"> *<\/span><\/label><textarea name=\"data[1b92d08][message]\" id=\"data[1b92d08][message]\"  required=required placeholder=\"\" cols=\"30\" rows=\"5\"><\/textarea><\/fieldset><fieldset class=\"submit-form contact\"><button type=\"submit\" name=\"submit\"  value=\"submit-contact-1b92d08\" class=\"\">G\u00d6NDER<\/button><\/fieldset><\/form>\t\t\t\t<\/div>\n\t\t\t\t<\/div>\n\t\t\t\t\t<\/div>\n\t\t<\/div>\n\t\t\t\t\t<\/div>\n\t\t<\/section>\n\t\t\t\t<\/div>\n\t\t","protected":false},"excerpt":{"rendered":"<p>KONUM Ad Soyad * Email * Telefon Numaras\u0131 Mesaj\u0131n\u0131z * G\u00d6NDER<\/p>\n","protected":false},"author":1,"featured_media":113,"parent":0,"menu_order":6,"comment_status":"closed","ping_status":"closed","template":"page-templates\/template-pagebuilder-full-width.php","meta":{"_themeisle_gutenberg_block_has_review":false,"footnotes":""},"class_list":["post-121","page","type-page","status-publish","has-post-thumbnail","hentry"],"yoast_head":"<!-- This site is optimized with the Yoast SEO plugin v26.6 - https:\/\/yoast.com\/wordpress\/plugins\/seo\/ -->\n<title>\u0130LET\u0130\u015e\u0130M - TEKN\u0130K TAKIM<\/title>\n<meta name=\"robots\" content=\"index, follow, max-snippet:-1, max-image-preview:large, max-video-preview:-1\" \/>\n<link rel=\"canonical\" href=\"https:\/\/tekniktakim.org\/?page_id=121\" \/>\n<meta property=\"og:locale\" content=\"tr_TR\" \/>\n<meta property=\"og:type\" content=\"article\" \/>\n<meta property=\"og:title\" content=\"\u0130LET\u0130\u015e\u0130M - TEKN\u0130K TAKIM\" \/>\n<meta property=\"og:description\" content=\"KONUM Ad Soyad * Email * Telefon Numaras\u0131 Mesaj\u0131n\u0131z * G\u00d6NDER\" \/>\n<meta property=\"og:url\" content=\"https:\/\/tekniktakim.org\/?page_id=121\" \/>\n<meta property=\"og:site_name\" content=\"TEKN\u0130K TAKIM\" \/>\n<meta property=\"article:modified_time\" content=\"2023-05-08T12:21:47+00:00\" \/>\n<meta property=\"og:image\" content=\"https:\/\/tekniktakim.org\/wp-content\/uploads\/2023\/04\/contact-3.jpg\" \/>\n\t<meta property=\"og:image:width\" content=\"1024\" \/>\n\t<meta property=\"og:image:height\" content=\"683\" \/>\n\t<meta property=\"og:image:type\" content=\"image\/jpeg\" \/>\n<meta name=\"twitter:card\" content=\"summary_large_image\" \/>\n<meta name=\"twitter:label1\" content=\"Tahmini okuma s\u00fcresi\" \/>\n\t<meta name=\"twitter:data1\" content=\"1 dakika\" \/>\n<script type=\"application\/ld+json\" class=\"yoast-schema-graph\">{\"@context\":\"https:\/\/schema.org\",\"@graph\":[{\"@type\":\"WebPage\",\"@id\":\"https:\/\/tekniktakim.org\/?page_id=121\",\"url\":\"https:\/\/tekniktakim.org\/?page_id=121\",\"name\":\"\u0130LET\u0130\u015e\u0130M - TEKN\u0130K TAKIM\",\"isPartOf\":{\"@id\":\"https:\/\/tekniktakim.org\/#website\"},\"primaryImageOfPage\":{\"@id\":\"https:\/\/tekniktakim.org\/?page_id=121#primaryimage\"},\"image\":{\"@id\":\"https:\/\/tekniktakim.org\/?page_id=121#primaryimage\"},\"thumbnailUrl\":\"https:\/\/tekniktakim.org\/wp-content\/uploads\/2023\/04\/contact-3.jpg\",\"datePublished\":\"2023-04-06T14:23:39+00:00\",\"dateModified\":\"2023-05-08T12:21:47+00:00\",\"breadcrumb\":{\"@id\":\"https:\/\/tekniktakim.org\/?page_id=121#breadcrumb\"},\"inLanguage\":\"tr\",\"potentialAction\":[{\"@type\":\"ReadAction\",\"target\":[\"https:\/\/tekniktakim.org\/?page_id=121\"]}]},{\"@type\":\"ImageObject\",\"inLanguage\":\"tr\",\"@id\":\"https:\/\/tekniktakim.org\/?page_id=121#primaryimage\",\"url\":\"https:\/\/tekniktakim.org\/wp-content\/uploads\/2023\/04\/contact-3.jpg\",\"contentUrl\":\"https:\/\/tekniktakim.org\/wp-content\/uploads\/2023\/04\/contact-3.jpg\",\"width\":1024,\"height\":683},{\"@type\":\"BreadcrumbList\",\"@id\":\"https:\/\/tekniktakim.org\/?page_id=121#breadcrumb\",\"itemListElement\":[{\"@type\":\"ListItem\",\"position\":1,\"name\":\"Anasayfa\",\"item\":\"https:\/\/tekniktakim.org\/\"},{\"@type\":\"ListItem\",\"position\":2,\"name\":\"\u0130LET\u0130\u015e\u0130M\"}]},{\"@type\":\"WebSite\",\"@id\":\"https:\/\/tekniktakim.org\/#website\",\"url\":\"https:\/\/tekniktakim.org\/\",\"name\":\"TEKN\u0130K TAKIM\",\"description\":\"SAN. T\u0130C. LTD. \u015eT\u0130. RBT.\",\"publisher\":{\"@id\":\"https:\/\/tekniktakim.org\/#organization\"},\"potentialAction\":[{\"@type\":\"SearchAction\",\"target\":{\"@type\":\"EntryPoint\",\"urlTemplate\":\"https:\/\/tekniktakim.org\/?s={search_term_string}\"},\"query-input\":{\"@type\":\"PropertyValueSpecification\",\"valueRequired\":true,\"valueName\":\"search_term_string\"}}],\"inLanguage\":\"tr\"},{\"@type\":\"Organization\",\"@id\":\"https:\/\/tekniktakim.org\/#organization\",\"name\":\"TEKN\u0130K TAKIM\",\"url\":\"https:\/\/tekniktakim.org\/\",\"logo\":{\"@type\":\"ImageObject\",\"inLanguage\":\"tr\",\"@id\":\"https:\/\/tekniktakim.org\/#\/schema\/logo\/image\/\",\"url\":\"https:\/\/tekniktakim.org\/wp-content\/uploads\/2025\/09\/cropped-TEKNIK-TAKIM-1-2.png\",\"contentUrl\":\"https:\/\/tekniktakim.org\/wp-content\/uploads\/2025\/09\/cropped-TEKNIK-TAKIM-1-2.png\",\"width\":1173,\"height\":309,\"caption\":\"TEKN\u0130K  TAKIM\"},\"image\":{\"@id\":\"https:\/\/tekniktakim.org\/#\/schema\/logo\/image\/\"}}]}<\/script>\n<!-- \/ Yoast SEO plugin. -->","yoast_head_json":{"title":"\u0130LET\u0130\u015e\u0130M - TEKN\u0130K TAKIM","robots":{"index":"index","follow":"follow","max-snippet":"max-snippet:-1","max-image-preview":"max-image-preview:large","max-video-preview":"max-video-preview:-1"},"canonical":"https:\/\/tekniktakim.org\/?page_id=121","og_locale":"tr_TR","og_type":"article","og_title":"\u0130LET\u0130\u015e\u0130M - TEKN\u0130K TAKIM","og_description":"KONUM Ad Soyad * Email * Telefon Numaras\u0131 Mesaj\u0131n\u0131z * G\u00d6NDER","og_url":"https:\/\/tekniktakim.org\/?page_id=121","og_site_name":"TEKN\u0130K TAKIM","article_modified_time":"2023-05-08T12:21:47+00:00","og_image":[{"width":1024,"height":683,"url":"https:\/\/tekniktakim.org\/wp-content\/uploads\/2023\/04\/contact-3.jpg","type":"image\/jpeg"}],"twitter_card":"summary_large_image","twitter_misc":{"Tahmini okuma s\u00fcresi":"1 dakika"},"schema":{"@context":"https:\/\/schema.org","@graph":[{"@type":"WebPage","@id":"https:\/\/tekniktakim.org\/?page_id=121","url":"https:\/\/tekniktakim.org\/?page_id=121","name":"\u0130LET\u0130\u015e\u0130M - TEKN\u0130K TAKIM","isPartOf":{"@id":"https:\/\/tekniktakim.org\/#website"},"primaryImageOfPage":{"@id":"https:\/\/tekniktakim.org\/?page_id=121#primaryimage"},"image":{"@id":"https:\/\/tekniktakim.org\/?page_id=121#primaryimage"},"thumbnailUrl":"https:\/\/tekniktakim.org\/wp-content\/uploads\/2023\/04\/contact-3.jpg","datePublished":"2023-04-06T14:23:39+00:00","dateModified":"2023-05-08T12:21:47+00:00","breadcrumb":{"@id":"https:\/\/tekniktakim.org\/?page_id=121#breadcrumb"},"inLanguage":"tr","potentialAction":[{"@type":"ReadAction","target":["https:\/\/tekniktakim.org\/?page_id=121"]}]},{"@type":"ImageObject","inLanguage":"tr","@id":"https:\/\/tekniktakim.org\/?page_id=121#primaryimage","url":"https:\/\/tekniktakim.org\/wp-content\/uploads\/2023\/04\/contact-3.jpg","contentUrl":"https:\/\/tekniktakim.org\/wp-content\/uploads\/2023\/04\/contact-3.jpg","width":1024,"height":683},{"@type":"BreadcrumbList","@id":"https:\/\/tekniktakim.org\/?page_id=121#breadcrumb","itemListElement":[{"@type":"ListItem","position":1,"name":"Anasayfa","item":"https:\/\/tekniktakim.org\/"},{"@type":"ListItem","position":2,"name":"\u0130LET\u0130\u015e\u0130M"}]},{"@type":"WebSite","@id":"https:\/\/tekniktakim.org\/#website","url":"https:\/\/tekniktakim.org\/","name":"TEKN\u0130K TAKIM","description":"SAN. T\u0130C. LTD. \u015eT\u0130. RBT.","publisher":{"@id":"https:\/\/tekniktakim.org\/#organization"},"potentialAction":[{"@type":"SearchAction","target":{"@type":"EntryPoint","urlTemplate":"https:\/\/tekniktakim.org\/?s={search_term_string}"},"query-input":{"@type":"PropertyValueSpecification","valueRequired":true,"valueName":"search_term_string"}}],"inLanguage":"tr"},{"@type":"Organization","@id":"https:\/\/tekniktakim.org\/#organization","name":"TEKN\u0130K TAKIM","url":"https:\/\/tekniktakim.org\/","logo":{"@type":"ImageObject","inLanguage":"tr","@id":"https:\/\/tekniktakim.org\/#\/schema\/logo\/image\/","url":"https:\/\/tekniktakim.org\/wp-content\/uploads\/2025\/09\/cropped-TEKNIK-TAKIM-1-2.png","contentUrl":"https:\/\/tekniktakim.org\/wp-content\/uploads\/2025\/09\/cropped-TEKNIK-TAKIM-1-2.png","width":1173,"height":309,"caption":"TEKN\u0130K  TAKIM"},"image":{"@id":"https:\/\/tekniktakim.org\/#\/schema\/logo\/image\/"}}]}},"_links":{"self":[{"href":"https:\/\/tekniktakim.org\/index.php?rest_route=\/wp\/v2\/pages\/121","targetHints":{"allow":["GET"]}}],"collection":[{"href":"https:\/\/tekniktakim.org\/index.php?rest_route=\/wp\/v2\/pages"}],"about":[{"href":"https:\/\/tekniktakim.org\/index.php?rest_route=\/wp\/v2\/types\/page"}],"author":[{"embeddable":true,"href":"https:\/\/tekniktakim.org\/index.php?rest_route=\/wp\/v2\/users\/1"}],"replies":[{"embeddable":true,"href":"https:\/\/tekniktakim.org\/index.php?rest_route=%2Fwp%2Fv2%2Fcomments&post=121"}],"version-history":[{"count":11,"href":"https:\/\/tekniktakim.org\/index.php?rest_route=\/wp\/v2\/pages\/121\/revisions"}],"predecessor-version":[{"id":252,"href":"https:\/\/tekniktakim.org\/index.php?rest_route=\/wp\/v2\/pages\/121\/revisions\/252"}],"wp:featuredmedia":[{"embeddable":true,"href":"https:\/\/tekniktakim.org\/index.php?rest_route=\/wp\/v2\/media\/113"}],"wp:attachment":[{"href":"https:\/\/tekniktakim.org\/index.php?rest_route=%2Fwp%2Fv2%2Fmedia&parent=121"}],"curies":[{"name":"wp","href":"https:\/\/api.w.org\/{rel}","templated":true}]}}